{"id":23813438,"date":"2024-02-26T18:13:10","date_gmt":"2024-02-26T17:13:10","guid":{"rendered":"https:\/\/projet-tele-evolene.ch\/the-arguments\/"},"modified":"2024-04-03T14:52:03","modified_gmt":"2024-04-03T12:52:03","slug":"the-arguments","status":"publish","type":"page","link":"https:\/\/projet-tele-evolene.ch\/en\/the-arguments\/","title":{"rendered":"The arguments"},"content":{"rendered":"<p>[et_pb_section fb_built=&#8221;1&#8243; _builder_version=&#8221;4.23.1&#8243; _module_preset=&#8221;default&#8221; global_colors_info=&#8221;{}&#8221;][et_pb_row _builder_version=&#8221;4.23.1&#8243; _module_preset=&#8221;default&#8221;][et_pb_column _builder_version=&#8221;4.23.1&#8243; _module_preset=&#8221;default&#8221; type=&#8221;4_4&#8243;][et_pb_text _builder_version=&#8221;4.23.1&#8243; _module_preset=&#8221;default&#8221; hover_enabled=&#8221;0&#8243; sticky_enabled=&#8221;0&#8243;]<\/p>\n<h1>Some key arguments:<\/h1>\n<p>[\/et_pb_text][\/et_pb_column][\/et_pb_row][et_pb_row column_structure=&#8221;2_5,3_5&#8243; _builder_version=&#8221;4.23.1&#8243; _module_preset=&#8221;default&#8221; global_colors_info=&#8221;{}&#8221;][et_pb_column type=&#8221;2_5&#8243; _builder_version=&#8221;4.23.1&#8243; _module_preset=&#8221;default&#8221; global_colors_info=&#8221;{}&#8221;][et_pb_text _builder_version=&#8221;4.23.1&#8243; _module_preset=&#8221;default&#8221; global_colors_info=&#8221;{}&#8221;]<\/p>\n<blockquote>\n<h1><strong>Invest instead of endure!<\/strong><\/h1>\n<\/blockquote>\n<p>[\/et_pb_text][\/et_pb_column][et_pb_column type=&#8221;3_5&#8243; _builder_version=&#8221;4.23.1&#8243; _module_preset=&#8221;default&#8221; global_colors_info=&#8221;{}&#8221;][et_pb_text _builder_version=&#8221;4.23.1&#8243; _module_preset=&#8221;default&#8221; global_colors_info=&#8221;{}&#8221;]<\/p>\n<p>Invest to maintain and develop the commune&#8217;s attractiveness for over 40 years, instead of having to foot a bill of at least 3 million francs to dismantle all the existing infrastructure on the Chemeuille estate.<\/p>\n<p>[\/et_pb_text][\/et_pb_column][\/et_pb_row][et_pb_row column_structure=&#8221;3_5,2_5&#8243; _builder_version=&#8221;4.23.1&#8243; _module_preset=&#8221;default&#8221; global_colors_info=&#8221;{}&#8221;][et_pb_column type=&#8221;3_5&#8243; _builder_version=&#8221;4.23.1&#8243; _module_preset=&#8221;default&#8221; global_colors_info=&#8221;{}&#8221;][et_pb_text _builder_version=&#8221;4.23.1&#8243; _module_preset=&#8221;default&#8221; global_colors_info=&#8221;{}&#8221;]<\/p>\n<p>Build a modern, comfortable, year-round facility, with operating costs estimated at just CHF 330,000 per year, including staff. Even without opening the ski area, or with a reduced ski season due to lack of snow, these costs could easily be covered by doubling the number of pedestrian ascents currently made in 3 summer months, over the whole year.<\/p>\n<p>[\/et_pb_text][\/et_pb_column][et_pb_column type=&#8221;2_5&#8243; _builder_version=&#8221;4.23.1&#8243; _module_preset=&#8221;default&#8221; global_colors_info=&#8221;{}&#8221;][et_pb_text _builder_version=&#8221;4.23.1&#8243; _module_preset=&#8221;default&#8221; global_colors_info=&#8221;{}&#8221;]<\/p>\n<blockquote>\n<h1><strong>Control operating costs!<\/strong><\/h1>\n<\/blockquote>\n<p>[\/et_pb_text][\/et_pb_column][\/et_pb_row][et_pb_row column_structure=&#8221;2_5,3_5&#8243; _builder_version=&#8221;4.23.1&#8243; _module_preset=&#8221;default&#8221; global_colors_info=&#8221;{}&#8221;][et_pb_column type=&#8221;2_5&#8243; _builder_version=&#8221;4.23.1&#8243; _module_preset=&#8221;default&#8221; global_colors_info=&#8221;{}&#8221;][et_pb_text _builder_version=&#8221;4.23.1&#8243; _module_preset=&#8221;default&#8221; global_colors_info=&#8221;{}&#8221;]<\/p>\n<blockquote>\n<h1><b>Adapting to climate change<\/b><\/h1>\n<\/blockquote>\n<p>[\/et_pb_text][\/et_pb_column][et_pb_column type=&#8221;3_5&#8243; _builder_version=&#8221;4.23.1&#8243; _module_preset=&#8221;default&#8221; global_colors_info=&#8221;{}&#8221;][et_pb_text _builder_version=&#8221;4.23.1&#8243; _module_preset=&#8221;default&#8221; global_colors_info=&#8221;{}&#8221;]<\/p>\n<p>Anticipate the difficulties associated with global warming and the absence of snow at 1500m by offering fast, safe and comfortable access to 2100m, so as to be able to offer all the winter activities that are essential in an alpine tourist region and a place to live like Evol\u00e8ne and the Haut Val d&#8217;H\u00e9rens.<\/p>\n<p>[\/et_pb_text][\/et_pb_column][\/et_pb_row][et_pb_row column_structure=&#8221;3_5,2_5&#8243; _builder_version=&#8221;4.23.1&#8243; _module_preset=&#8221;default&#8221; global_colors_info=&#8221;{}&#8221;][et_pb_column type=&#8221;3_5&#8243; _builder_version=&#8221;4.23.1&#8243; _module_preset=&#8221;default&#8221; global_colors_info=&#8221;{}&#8221;][et_pb_text _builder_version=&#8221;4.23.1&#8243; _module_preset=&#8221;default&#8221; global_colors_info=&#8221;{}&#8221;]<\/p>\n<p>Avoid endangering the Arolla and La Forclaz sectors. With the sudden closure of the Evol\u00e8ne slopes, the other two sectors would not be able to welcome all the region&#8217;s skiers in good conditions (catering, parking, etc.), particularly during the high season, when queues and overcrowding on the slopes would damage the good reputation of the entire Espace Dent-Blanche.<\/p>\n<p>[\/et_pb_text][\/et_pb_column][et_pb_column type=&#8221;2_5&#8243; _builder_version=&#8221;4.23.1&#8243; _module_preset=&#8221;default&#8221; global_colors_info=&#8221;{}&#8221;][et_pb_text _builder_version=&#8221;4.23.1&#8243; _module_preset=&#8221;default&#8221; global_colors_info=&#8221;{}&#8221;]<\/p>\n<blockquote>\n<h1><strong>Preserving the quality of our winter welcome!<\/strong><\/h1>\n<\/blockquote>\n<p>[\/et_pb_text][\/et_pb_column][\/et_pb_row][et_pb_row column_structure=&#8221;2_5,3_5&#8243; _builder_version=&#8221;4.23.1&#8243; _module_preset=&#8221;default&#8221; global_colors_info=&#8221;{}&#8221;][et_pb_column type=&#8221;2_5&#8243; _builder_version=&#8221;4.23.1&#8243; _module_preset=&#8221;default&#8221; global_colors_info=&#8221;{}&#8221;][et_pb_text _builder_version=&#8221;4.23.1&#8243; _module_preset=&#8221;default&#8221; global_colors_info=&#8221;{}&#8221;]<\/p>\n<blockquote>\n<h1><b>Consolidating property values<\/b><\/h1>\n<\/blockquote>\n<p>[\/et_pb_text][\/et_pb_column][et_pb_column type=&#8221;3_5&#8243; _builder_version=&#8221;4.23.1&#8243; _module_preset=&#8221;default&#8221; global_colors_info=&#8221;{}&#8221;][et_pb_text _builder_version=&#8221;4.23.1&#8243; _module_preset=&#8221;default&#8221; global_colors_info=&#8221;{}&#8221;]<\/p>\n<blockquote><\/blockquote>\n<p>To avoid a devaluation of all the municipality&#8217;s real estate assets, estimated at between 10 and 15%. In fact, the presence or absence of tourist infrastructure and ski lifts is logically taken into account in bank valuations, particularly when calculating mortgages.<\/p>\n<blockquote><\/blockquote>\n<p>[\/et_pb_text][\/et_pb_column][\/et_pb_row][et_pb_row column_structure=&#8221;3_5,2_5&#8243; _builder_version=&#8221;4.23.1&#8243; _module_preset=&#8221;default&#8221; global_colors_info=&#8221;{}&#8221;][et_pb_column type=&#8221;3_5&#8243; _builder_version=&#8221;4.23.1&#8243; _module_preset=&#8221;default&#8221; global_colors_info=&#8221;{}&#8221;][et_pb_text _builder_version=&#8221;4.23.1&#8243; _module_preset=&#8221;default&#8221; global_colors_info=&#8221;{}&#8221;]<\/p>\n<p>Give the necessary financial means and popular support to the Board of Directors and the Commune to negotiate in a more balanced way with the associations currently opposing the project and demanding the closure of the estate, and obtain the necessary authorizations to launch the works.<\/p>\n<p>[\/et_pb_text][\/et_pb_column][et_pb_column type=&#8221;2_5&#8243; _builder_version=&#8221;4.23.1&#8243; _module_preset=&#8221;default&#8221; global_colors_info=&#8221;{}&#8221;][et_pb_text _builder_version=&#8221;4.23.1&#8243; _module_preset=&#8221;default&#8221; global_colors_info=&#8221;{}&#8221;]<\/p>\n<blockquote>\n<h1><b>Demonstrate public interest in and support for the project<\/b> <b style=\"font-size: 26px;\">to current opponents<\/b><\/h1>\n<\/blockquote>\n<p>[\/et_pb_text][\/et_pb_column][\/et_pb_row][\/et_pb_section]<\/p>\n","protected":false},"excerpt":{"rendered":"<p>Some key arguments: Invest instead of endure! Invest to maintain and develop the commune&#8217;s attractiveness for over 40 years, instead of having to foot a bill of at least 3 million francs to dismantle all the existing infrastructure on the Chemeuille estate.Build a modern, comfortable, year-round facility, with operating costs estimated at just CHF 330,000 [&hellip;]<\/p>\n","protected":false},"author":1,"featured_media":0,"parent":0,"menu_order":0,"comment_status":"closed","ping_status":"closed","template":"","meta":{"_et_pb_use_builder":"on","_et_pb_old_content":"","_et_gb_content_width":"","footnotes":""},"dipi_cpt_category":[],"class_list":["post-23813438","page","type-page","status-publish","hentry"],"yoast_head":"<!-- This site is optimized with the Yoast SEO plugin v22.3 - https:\/\/yoast.com\/wordpress\/plugins\/seo\/ -->\n<title>The arguments - T\u00e9l\u00e9-Evol\u00e8ne Vision 360<\/title>\n<meta name=\"robots\" content=\"index, follow, max-snippet:-1, max-image-preview:large, max-video-preview:-1\" \/>\n<link rel=\"canonical\" href=\"https:\/\/projet-tele-evolene.ch\/en\/the-arguments\/\" \/>\n<meta property=\"og:locale\" content=\"en_US\" \/>\n<meta property=\"og:type\" content=\"article\" \/>\n<meta property=\"og:title\" content=\"The arguments - T\u00e9l\u00e9-Evol\u00e8ne Vision 360\" \/>\n<meta property=\"og:description\" content=\"Some key arguments: Invest instead of endure! Invest to maintain and develop the commune&#039;s attractiveness for over 40 years, instead of having to foot a bill of at least 3 million francs to dismantle all the existing infrastructure on the Chemeuille estate.Build a modern, comfortable, year-round facility, with operating costs estimated at just CHF 330,000 [&hellip;]\" \/>\n<meta property=\"og:url\" content=\"https:\/\/projet-tele-evolene.ch\/en\/the-arguments\/\" \/>\n<meta property=\"og:site_name\" content=\"T\u00e9l\u00e9-Evol\u00e8ne Vision 360\" \/>\n<meta property=\"article:modified_time\" content=\"2024-04-03T12:52:03+00:00\" \/>\n<meta name=\"twitter:card\" content=\"summary_large_image\" \/>\n<meta name=\"twitter:label1\" content=\"Est. reading time\" \/>\n\t<meta name=\"twitter:data1\" content=\"4 minutes\" \/>\n<script type=\"application\/ld+json\" class=\"yoast-schema-graph\">{\"@context\":\"https:\/\/schema.org\",\"@graph\":[{\"@type\":\"WebPage\",\"@id\":\"https:\/\/projet-tele-evolene.ch\/en\/the-arguments\/\",\"url\":\"https:\/\/projet-tele-evolene.ch\/en\/the-arguments\/\",\"name\":\"The arguments - T\u00e9l\u00e9-Evol\u00e8ne Vision 360\",\"isPartOf\":{\"@id\":\"https:\/\/projet-tele-evolene.ch\/#website\"},\"datePublished\":\"2024-02-26T17:13:10+00:00\",\"dateModified\":\"2024-04-03T12:52:03+00:00\",\"breadcrumb\":{\"@id\":\"https:\/\/projet-tele-evolene.ch\/en\/the-arguments\/#breadcrumb\"},\"inLanguage\":\"en-US\",\"potentialAction\":[{\"@type\":\"ReadAction\",\"target\":[\"https:\/\/projet-tele-evolene.ch\/en\/the-arguments\/\"]}]},{\"@type\":\"BreadcrumbList\",\"@id\":\"https:\/\/projet-tele-evolene.ch\/en\/the-arguments\/#breadcrumb\",\"itemListElement\":[{\"@type\":\"ListItem\",\"position\":1,\"name\":\"Accueil\",\"item\":\"https:\/\/projet-tele-evolene.ch\/en\/\"},{\"@type\":\"ListItem\",\"position\":2,\"name\":\"The arguments\"}]},{\"@type\":\"WebSite\",\"@id\":\"https:\/\/projet-tele-evolene.ch\/#website\",\"url\":\"https:\/\/projet-tele-evolene.ch\/\",\"name\":\"Le Projet T\u00e9l\u00e9 Evol\u00e8ne, un avenir 4 saisons \u00e0 Chemeuille\",\"description\":\"\",\"publisher\":{\"@id\":\"https:\/\/projet-tele-evolene.ch\/#organization\"},\"alternateName\":\"Projet T\u00e9l\u00e9 Evol\u00e8ne\",\"potentialAction\":[{\"@type\":\"SearchAction\",\"target\":{\"@type\":\"EntryPoint\",\"urlTemplate\":\"https:\/\/projet-tele-evolene.ch\/?s={search_term_string}\"},\"query-input\":\"required name=search_term_string\"}],\"inLanguage\":\"en-US\"},{\"@type\":\"Organization\",\"@id\":\"https:\/\/projet-tele-evolene.ch\/#organization\",\"name\":\"T\u00e9l\u00e9-Evol\u00e8ne Vision 360\",\"url\":\"https:\/\/projet-tele-evolene.ch\/\",\"logo\":{\"@type\":\"ImageObject\",\"inLanguage\":\"en-US\",\"@id\":\"https:\/\/projet-tele-evolene.ch\/#\/schema\/logo\/image\/\",\"url\":\"https:\/\/projet-tele-evolene.ch\/wp-content\/uploads\/2023\/12\/cropped-Logo-Web.jpg\",\"contentUrl\":\"https:\/\/projet-tele-evolene.ch\/wp-content\/uploads\/2023\/12\/cropped-Logo-Web.jpg\",\"width\":512,\"height\":512,\"caption\":\"T\u00e9l\u00e9-Evol\u00e8ne Vision 360\"},\"image\":{\"@id\":\"https:\/\/projet-tele-evolene.ch\/#\/schema\/logo\/image\/\"}}]}<\/script>\n<!-- \/ Yoast SEO plugin. -->","yoast_head_json":{"title":"The arguments - T\u00e9l\u00e9-Evol\u00e8ne Vision 360","robots":{"index":"index","follow":"follow","max-snippet":"max-snippet:-1","max-image-preview":"max-image-preview:large","max-video-preview":"max-video-preview:-1"},"canonical":"https:\/\/projet-tele-evolene.ch\/en\/the-arguments\/","og_locale":"en_US","og_type":"article","og_title":"The arguments - T\u00e9l\u00e9-Evol\u00e8ne Vision 360","og_description":"Some key arguments: Invest instead of endure! Invest to maintain and develop the commune's attractiveness for over 40 years, instead of having to foot a bill of at least 3 million francs to dismantle all the existing infrastructure on the Chemeuille estate.Build a modern, comfortable, year-round facility, with operating costs estimated at just CHF 330,000 [&hellip;]","og_url":"https:\/\/projet-tele-evolene.ch\/en\/the-arguments\/","og_site_name":"T\u00e9l\u00e9-Evol\u00e8ne Vision 360","article_modified_time":"2024-04-03T12:52:03+00:00","twitter_card":"summary_large_image","twitter_misc":{"Est. reading time":"4 minutes"},"schema":{"@context":"https:\/\/schema.org","@graph":[{"@type":"WebPage","@id":"https:\/\/projet-tele-evolene.ch\/en\/the-arguments\/","url":"https:\/\/projet-tele-evolene.ch\/en\/the-arguments\/","name":"The arguments - T\u00e9l\u00e9-Evol\u00e8ne Vision 360","isPartOf":{"@id":"https:\/\/projet-tele-evolene.ch\/#website"},"datePublished":"2024-02-26T17:13:10+00:00","dateModified":"2024-04-03T12:52:03+00:00","breadcrumb":{"@id":"https:\/\/projet-tele-evolene.ch\/en\/the-arguments\/#breadcrumb"},"inLanguage":"en-US","potentialAction":[{"@type":"ReadAction","target":["https:\/\/projet-tele-evolene.ch\/en\/the-arguments\/"]}]},{"@type":"BreadcrumbList","@id":"https:\/\/projet-tele-evolene.ch\/en\/the-arguments\/#breadcrumb","itemListElement":[{"@type":"ListItem","position":1,"name":"Accueil","item":"https:\/\/projet-tele-evolene.ch\/en\/"},{"@type":"ListItem","position":2,"name":"The arguments"}]},{"@type":"WebSite","@id":"https:\/\/projet-tele-evolene.ch\/#website","url":"https:\/\/projet-tele-evolene.ch\/","name":"Le Projet T\u00e9l\u00e9 Evol\u00e8ne, un avenir 4 saisons \u00e0 Chemeuille","description":"","publisher":{"@id":"https:\/\/projet-tele-evolene.ch\/#organization"},"alternateName":"Projet T\u00e9l\u00e9 Evol\u00e8ne","potentialAction":[{"@type":"SearchAction","target":{"@type":"EntryPoint","urlTemplate":"https:\/\/projet-tele-evolene.ch\/?s={search_term_string}"},"query-input":"required name=search_term_string"}],"inLanguage":"en-US"},{"@type":"Organization","@id":"https:\/\/projet-tele-evolene.ch\/#organization","name":"T\u00e9l\u00e9-Evol\u00e8ne Vision 360","url":"https:\/\/projet-tele-evolene.ch\/","logo":{"@type":"ImageObject","inLanguage":"en-US","@id":"https:\/\/projet-tele-evolene.ch\/#\/schema\/logo\/image\/","url":"https:\/\/projet-tele-evolene.ch\/wp-content\/uploads\/2023\/12\/cropped-Logo-Web.jpg","contentUrl":"https:\/\/projet-tele-evolene.ch\/wp-content\/uploads\/2023\/12\/cropped-Logo-Web.jpg","width":512,"height":512,"caption":"T\u00e9l\u00e9-Evol\u00e8ne Vision 360"},"image":{"@id":"https:\/\/projet-tele-evolene.ch\/#\/schema\/logo\/image\/"}}]}},"_links":{"self":[{"href":"https:\/\/projet-tele-evolene.ch\/en\/wp-json\/wp\/v2\/pages\/23813438","targetHints":{"allow":["GET"]}}],"collection":[{"href":"https:\/\/projet-tele-evolene.ch\/en\/wp-json\/wp\/v2\/pages"}],"about":[{"href":"https:\/\/projet-tele-evolene.ch\/en\/wp-json\/wp\/v2\/types\/page"}],"author":[{"embeddable":true,"href":"https:\/\/projet-tele-evolene.ch\/en\/wp-json\/wp\/v2\/users\/1"}],"replies":[{"embeddable":true,"href":"https:\/\/projet-tele-evolene.ch\/en\/wp-json\/wp\/v2\/comments?post=23813438"}],"version-history":[{"count":2,"href":"https:\/\/projet-tele-evolene.ch\/en\/wp-json\/wp\/v2\/pages\/23813438\/revisions"}],"predecessor-version":[{"id":23813440,"href":"https:\/\/projet-tele-evolene.ch\/en\/wp-json\/wp\/v2\/pages\/23813438\/revisions\/23813440"}],"wp:attachment":[{"href":"https:\/\/projet-tele-evolene.ch\/en\/wp-json\/wp\/v2\/media?parent=23813438"}],"wp:term":[{"taxonomy":"dipi_cpt_category","embeddable":true,"href":"https:\/\/projet-tele-evolene.ch\/en\/wp-json\/wp\/v2\/dipi_cpt_category?post=23813438"}],"curies":[{"name":"wp","href":"https:\/\/api.w.org\/{rel}","templated":true}]}}