{"id":23813426,"date":"2023-12-04T11:40:19","date_gmt":"2023-12-04T10:40:19","guid":{"rendered":"https:\/\/projet-tele-evolene.ch\/immersion\/"},"modified":"2024-04-03T14:23:11","modified_gmt":"2024-04-03T12:23:11","slug":"immersion","status":"publish","type":"page","link":"https:\/\/projet-tele-evolene.ch\/en\/immersion\/","title":{"rendered":"Immersion"},"content":{"rendered":"<p>[et_pb_section fb_built=&#8221;1&#8243; _builder_version=&#8221;4.23.1&#8243; _module_preset=&#8221;default&#8221; custom_padding=&#8221;0px||||false|false&#8221; global_colors_info=&#8221;{}&#8221;][et_pb_row _builder_version=&#8221;4.23.1&#8243; _module_preset=&#8221;default&#8221; locked=&#8221;off&#8221; global_colors_info=&#8221;{}&#8221;][et_pb_column type=&#8221;4_4&#8243; _builder_version=&#8221;4.23.1&#8243; _module_preset=&#8221;default&#8221; global_colors_info=&#8221;{}&#8221;][et_pb_text _builder_version=&#8221;4.23.1&#8243; _module_preset=&#8221;default&#8221; custom_padding=&#8221;|20px||20px|false|false&#8221; header_font_size_tablet=&#8221;25px&#8221; header_font_size_phone=&#8221;20px&#8221; header_font_size_last_edited=&#8221;on|phone&#8221; border_width_left=&#8221;6px&#8221; border_color_left=&#8221;gcid-1ae503c5-09e6-47be-8567-a965910b1107&#8243; global_colors_info=&#8221;{%22gcid-1ae503c5-09e6-47be-8567-a965910b1107%22:%91%22border_color_left%22%93}&#8221;]<\/p>\n<h1><span>Explore in 3D : <\/span><\/h1>\n<h1><span>Dive into the future and imagine the Chemeuille of tomorrow<\/span><\/h1>\n<p>[\/et_pb_text][\/et_pb_column][\/et_pb_row][et_pb_row _builder_version=&#8221;4.23.1&#8243; _module_preset=&#8221;default&#8221; global_colors_info=&#8221;{}&#8221;][et_pb_column type=&#8221;4_4&#8243; _builder_version=&#8221;4.23.1&#8243; _module_preset=&#8221;default&#8221; global_colors_info=&#8221;{}&#8221;][et_pb_text _builder_version=&#8221;4.23.1&#8243; _module_preset=&#8221;default&#8221; global_colors_info=&#8221;{}&#8221;]<\/p>\n<p><span>Explore Chemeuille 2.0, a redesigned 4-season experience with a renovated restaurant, modern gondola and expanded variety of activities, creating an idyllic setting for timeless memories.<\/span><\/p>\n<p>[\/et_pb_text][dipi_image_accordion accordion_height=&#8221;451px&#8221; active_image_relative_width=&#8221;2&#8243; accordion_direction_tablet=&#8221;vertical&#8221; accordion_direction_phone=&#8221;vertical&#8221; accordion_direction_last_edited=&#8221;on|tablet&#8221; accordion_height_tablet=&#8221;631px&#8221; accordion_height_phone=&#8221;341px&#8221; accordion_height_last_edited=&#8221;on|phone&#8221; _builder_version=&#8221;4.23.1&#8243; _module_preset=&#8221;default&#8221; global_colors_info=&#8221;{}&#8221;][dipi_image_accordion_child bg_img=&#8221;https:\/\/projet-tele-evolene.ch\/wp-content\/uploads\/2023\/12\/Ete-Terrasse-Chemeuille.jpg&#8221; use_onload_active=&#8221;off&#8221; use_accordion_icon=&#8221;off&#8221; accordion_align_vertical=&#8221;top&#8221; _builder_version=&#8221;4.23.1&#8243; _module_preset=&#8221;default&#8221; accordion_title_text_color=&#8221;gcid-a87bcce6-847b-4f21-b95a-8a8c2b0f46ee&#8221; global_colors_info=&#8221;{%22gcid-a87bcce6-847b-4f21-b95a-8a8c2b0f46ee%22:%91%22accordion_title_text_color%22,%22accordion_icon_color%22%93}&#8221;][\/dipi_image_accordion_child][dipi_image_accordion_child bg_img=&#8221;https:\/\/projet-tele-evolene.ch\/wp-content\/uploads\/2023\/12\/Hiver-telecabine-Chemeuille-Evolene.jpg&#8221; _builder_version=&#8221;4.23.1&#8243; _module_preset=&#8221;default&#8221; global_colors_info=&#8221;{}&#8221;][\/dipi_image_accordion_child][\/dipi_image_accordion][\/et_pb_column][\/et_pb_row][et_pb_row column_structure=&#8221;2_5,3_5&#8243; _builder_version=&#8221;4.23.1&#8243; _module_preset=&#8221;default&#8221; global_colors_info=&#8221;{}&#8221;][et_pb_column type=&#8221;2_5&#8243; _builder_version=&#8221;4.23.1&#8243; _module_preset=&#8221;default&#8221; global_colors_info=&#8221;{}&#8221;][et_pb_text _builder_version=&#8221;4.23.1&#8243; _module_preset=&#8221;default&#8221; header_2_text_color=&#8221;gcid-1ae503c5-09e6-47be-8567-a965910b1107&#8243; global_colors_info=&#8221;{%22gcid-1ae503c5-09e6-47be-8567-a965910b1107%22:%91%22header_2_text_color%22%93}&#8221;]<\/p>\n<h2>Just imagine&#8230;<\/h2>\n<p>[\/et_pb_text][et_pb_text _builder_version=&#8221;4.23.1&#8243; _module_preset=&#8221;default&#8221; global_colors_info=&#8221;{}&#8221;]<\/p>\n<p><span>Imagine yourself immersed in the heart of the Val d&#8217;H\u00e9rens, just a stone&#8217;s throw from the picturesque village of <strong>Evol\u00e8ne<\/strong>. <\/span><\/p>\n<p><span>Climb aboard a new, comfortable gondola that opens the door to a multitude of activities <strong>all year round<\/strong>. <\/span><\/p>\n<p><span>Enjoy uninterrupted access to the new <strong>Chemeuille restaurant<\/strong>, ensuring comfort, local food and an idyllic setting.<\/span><\/p>\n<p><span>Think of it as an almost unlimited experience, a <strong>four-season activity<\/strong>.<\/span><\/p>\n<p><span> Imagine living, sharing and exploring whatever you like, whenever you like, in <strong>Chemeuille<\/strong>.<\/span><\/p>\n<p>[\/et_pb_text][\/et_pb_column][et_pb_column type=&#8221;3_5&#8243; _builder_version=&#8221;4.23.1&#8243; _module_preset=&#8221;default&#8221; global_colors_info=&#8221;{}&#8221;][dipi_image_gallery thumbs_space_between=&#8221;13&#8243; thumb_height=&#8221;118px&#8221; thumb_height_tablet=&#8221;118px&#8221; thumb_height_phone=&#8221;86px&#8221; thumb_height_last_edited=&#8221;on|phone&#8221; _builder_version=&#8221;4.23.1&#8243; _module_preset=&#8221;default&#8221; module_alignment=&#8221;center&#8221; min_height_tablet=&#8221;&#8221; min_height_phone=&#8221;&#8221; min_height_last_edited=&#8221;on|phone&#8221; height_tablet=&#8221;&#8221; height_phone=&#8221;284px&#8221; height_last_edited=&#8221;on|phone&#8221; max_height_tablet=&#8221;&#8221; max_height_phone=&#8221;&#8221; max_height_last_edited=&#8221;on|phone&#8221; global_colors_info=&#8221;{}&#8221;][dipi_image_gallery_child item_image=&#8221;https:\/\/projet-tele-evolene.ch\/wp-content\/uploads\/2023\/12\/Restaurant-Chemeuille-telecabine.jpg&#8221; _builder_version=&#8221;4.23.1&#8243; _module_preset=&#8221;default&#8221; global_colors_info=&#8221;{}&#8221;][\/dipi_image_gallery_child][dipi_image_gallery_child item_image=&#8221;https:\/\/projet-tele-evolene.ch\/wp-content\/uploads\/2023\/12\/Telecabine-Chemeuille-hiver-1.jpg&#8221; _builder_version=&#8221;4.23.1&#8243; _module_preset=&#8221;default&#8221; global_colors_info=&#8221;{}&#8221;][\/dipi_image_gallery_child][dipi_image_gallery_child item_image=&#8221;https:\/\/projet-tele-evolene.ch\/wp-content\/uploads\/2023\/12\/Restaurant-Chemeuille-1.jpg&#8221; _builder_version=&#8221;4.23.1&#8243; _module_preset=&#8221;default&#8221; global_colors_info=&#8221;{}&#8221;][\/dipi_image_gallery_child][dipi_image_gallery_child item_image=&#8221;https:\/\/projet-tele-evolene.ch\/wp-content\/uploads\/2023\/12\/Arrivee-Chemeuille-hiver.jpg&#8221; _builder_version=&#8221;4.23.1&#8243; _module_preset=&#8221;default&#8221; global_colors_info=&#8221;{}&#8221;][\/dipi_image_gallery_child][dipi_image_gallery_child item_image=&#8221;https:\/\/projet-tele-evolene.ch\/wp-content\/uploads\/2023\/12\/Telecabine-interieur-ete.jpg&#8221; _builder_version=&#8221;4.23.1&#8243; _module_preset=&#8221;default&#8221; global_colors_info=&#8221;{}&#8221;][\/dipi_image_gallery_child][dipi_image_gallery_child item_image=&#8221;https:\/\/projet-tele-evolene.ch\/wp-content\/uploads\/2023\/12\/Telecabine-Chemeuille-ete-1.jpg&#8221; _builder_version=&#8221;4.23.1&#8243; _module_preset=&#8221;default&#8221; global_colors_info=&#8221;{}&#8221;][\/dipi_image_gallery_child][\/dipi_image_gallery][\/et_pb_column][\/et_pb_row][et_pb_row _builder_version=&#8221;4.23.1&#8243; _module_preset=&#8221;default&#8221; global_colors_info=&#8221;{}&#8221;][et_pb_column type=&#8221;4_4&#8243; _builder_version=&#8221;4.23.1&#8243; _module_preset=&#8221;default&#8221; global_colors_info=&#8221;{}&#8221;][et_pb_text _builder_version=&#8221;4.23.1&#8243; _module_preset=&#8221;default&#8221; header_2_text_color=&#8221;gcid-1ae503c5-09e6-47be-8567-a965910b1107&#8243; custom_margin=&#8221;||10px||false|false&#8221; hover_enabled=&#8221;0&#8243; global_colors_info=&#8221;{%22gcid-1ae503c5-09e6-47be-8567-a965910b1107%22:%91%22header_2_text_color%22%93}&#8221; sticky_enabled=&#8221;0&#8243;]<\/p>\n<h2><span>From the villages at 1&#8217;400m to the Domaine at 2&#8217;100m<\/span><\/h2>\n<p>[\/et_pb_text][et_pb_text _builder_version=&#8221;4.23.1&#8243; _module_preset=&#8221;default&#8221; global_colors_info=&#8221;{}&#8221;]<\/p>\n<p>Winter activities in the Evol\u00e8ne region with or without ski lifts.<\/p>\n<p>[\/et_pb_text][dipi_image_accordion accordion_height=&#8221;451px&#8221; active_image_relative_width=&#8221;2&#8243; accordion_direction_tablet=&#8221;vertical&#8221; accordion_direction_phone=&#8221;vertical&#8221; accordion_direction_last_edited=&#8221;on|tablet&#8221; accordion_height_tablet=&#8221;631px&#8221; accordion_height_phone=&#8221;341px&#8221; accordion_height_last_edited=&#8221;on|phone&#8221; _builder_version=&#8221;4.23.1&#8243; _module_preset=&#8221;default&#8221; global_colors_info=&#8221;{}&#8221;][dipi_image_accordion_child bg_img=&#8221;https:\/\/projet-tele-evolene.ch\/wp-content\/uploads\/2024\/01\/Enfants-a-Chemeuille.jpg&#8221; use_onload_active=&#8221;off&#8221; use_accordion_icon=&#8221;off&#8221; accordion_align_vertical=&#8221;top&#8221; _builder_version=&#8221;4.23.1&#8243; _module_preset=&#8221;default&#8221; accordion_title_text_color=&#8221;gcid-a87bcce6-847b-4f21-b95a-8a8c2b0f46ee&#8221; global_colors_info=&#8221;{%22gcid-a87bcce6-847b-4f21-b95a-8a8c2b0f46ee%22:%91%22accordion_title_text_color%22,%22accordion_icon_color%22%93}&#8221;][\/dipi_image_accordion_child][dipi_image_accordion_child bg_img=&#8221;https:\/\/projet-tele-evolene.ch\/wp-content\/uploads\/2024\/01\/Enfants-au-Village.jpg&#8221; _builder_version=&#8221;4.23.1&#8243; _module_preset=&#8221;default&#8221; global_colors_info=&#8221;{}&#8221;][\/dipi_image_accordion_child][\/dipi_image_accordion][dipi_image_accordion accordion_height=&#8221;451px&#8221; active_image_relative_width=&#8221;2&#8243; accordion_direction_tablet=&#8221;vertical&#8221; accordion_direction_phone=&#8221;vertical&#8221; accordion_direction_last_edited=&#8221;on|tablet&#8221; accordion_height_tablet=&#8221;631px&#8221; accordion_height_phone=&#8221;341px&#8221; accordion_height_last_edited=&#8221;on|phone&#8221; _builder_version=&#8221;4.23.1&#8243; _module_preset=&#8221;default&#8221; global_colors_info=&#8221;{}&#8221;][dipi_image_accordion_child bg_img=&#8221;https:\/\/projet-tele-evolene.ch\/wp-content\/uploads\/2024\/01\/Raquette-Chemeuille.jpg&#8221; use_onload_active=&#8221;off&#8221; use_accordion_icon=&#8221;off&#8221; accordion_align_vertical=&#8221;top&#8221; _builder_version=&#8221;4.23.1&#8243; _module_preset=&#8221;default&#8221; accordion_title_text_color=&#8221;gcid-a87bcce6-847b-4f21-b95a-8a8c2b0f46ee&#8221; global_colors_info=&#8221;{%22gcid-a87bcce6-847b-4f21-b95a-8a8c2b0f46ee%22:%91%22accordion_title_text_color%22,%22accordion_icon_color%22%93}&#8221;][\/dipi_image_accordion_child][dipi_image_accordion_child bg_img=&#8221;https:\/\/projet-tele-evolene.ch\/wp-content\/uploads\/2024\/01\/Raquette-Village.jpg&#8221; _builder_version=&#8221;4.23.1&#8243; _module_preset=&#8221;default&#8221; global_colors_info=&#8221;{}&#8221;][\/dipi_image_accordion_child][\/dipi_image_accordion][dipi_image_accordion accordion_height=&#8221;451px&#8221; active_image_relative_width=&#8221;2&#8243; accordion_direction_tablet=&#8221;vertical&#8221; accordion_direction_phone=&#8221;vertical&#8221; accordion_direction_last_edited=&#8221;on|tablet&#8221; accordion_height_tablet=&#8221;631px&#8221; accordion_height_phone=&#8221;341px&#8221; accordion_height_last_edited=&#8221;on|phone&#8221; _builder_version=&#8221;4.23.1&#8243; _module_preset=&#8221;default&#8221; global_colors_info=&#8221;{}&#8221;][dipi_image_accordion_child bg_img=&#8221;https:\/\/projet-tele-evolene.ch\/wp-content\/uploads\/2024\/01\/Ski-de-fond-Chemeuille.jpg&#8221; use_onload_active=&#8221;off&#8221; use_accordion_icon=&#8221;off&#8221; accordion_align_vertical=&#8221;top&#8221; _builder_version=&#8221;4.23.1&#8243; _module_preset=&#8221;default&#8221; accordion_title_text_color=&#8221;gcid-a87bcce6-847b-4f21-b95a-8a8c2b0f46ee&#8221; global_colors_info=&#8221;{%22gcid-a87bcce6-847b-4f21-b95a-8a8c2b0f46ee%22:%91%22accordion_title_text_color%22,%22accordion_icon_color%22%93}&#8221;][\/dipi_image_accordion_child][dipi_image_accordion_child bg_img=&#8221;https:\/\/projet-tele-evolene.ch\/wp-content\/uploads\/2024\/01\/Ski-de-fond-Village.jpg&#8221; _builder_version=&#8221;4.23.1&#8243; _module_preset=&#8221;default&#8221; global_colors_info=&#8221;{}&#8221;][\/dipi_image_accordion_child][\/dipi_image_accordion][\/et_pb_column][\/et_pb_row][et_pb_row _builder_version=&#8221;4.23.1&#8243; _module_preset=&#8221;default&#8221; global_colors_info=&#8221;{}&#8221;][et_pb_column type=&#8221;4_4&#8243; _builder_version=&#8221;4.23.1&#8243; _module_preset=&#8221;default&#8221; global_colors_info=&#8221;{}&#8221;][et_pb_text _builder_version=&#8221;4.23.1&#8243; _module_preset=&#8221;default&#8221; header_2_text_color=&#8221;gcid-1ae503c5-09e6-47be-8567-a965910b1107&#8243; global_colors_info=&#8221;{%22gcid-1ae503c5-09e6-47be-8567-a965910b1107%22:%91%22header_2_text_color%22%93}&#8221;]<\/p>\n<h2>Chemeuille on video<\/h2>\n<p>[\/et_pb_text][et_pb_text _builder_version=&#8221;4.23.1&#8243; _module_preset=&#8221;default&#8221; global_colors_info=&#8221;{}&#8221;]<\/p>\n<p><span>A mountain pasture, a restaurant, an unspoilt setting: this is the magic of Chemeuille today.<\/span> <span><strong>Together,<\/strong> let&#8217;s bring this jewel back to life and preserve this little corner of paradise for future generations.<\/span><\/p>\n<p>[\/et_pb_text][\/et_pb_column][\/et_pb_row][et_pb_row column_structure=&#8221;1_2,1_2&#8243; _builder_version=&#8221;4.23.1&#8243; _module_preset=&#8221;default&#8221; global_colors_info=&#8221;{}&#8221;][et_pb_column type=&#8221;1_2&#8243; _builder_version=&#8221;4.23.1&#8243; _module_preset=&#8221;default&#8221; global_colors_info=&#8221;{}&#8221;][et_pb_video src=&#8221;https:\/\/projet-tele-evolene.ch\/wp-content\/uploads\/2023\/12\/Evolene-_-Magic-Pass.mp4&#8243; _builder_version=&#8221;4.23.1&#8243; _module_preset=&#8221;default&#8221; global_colors_info=&#8221;{}&#8221;][\/et_pb_video][\/et_pb_column][et_pb_column type=&#8221;1_2&#8243; _builder_version=&#8221;4.23.1&#8243; _module_preset=&#8221;default&#8221; global_colors_info=&#8221;{}&#8221;][et_pb_video src=&#8221;https:\/\/projet-tele-evolene.ch\/wp-content\/uploads\/2023\/12\/videos-@schelduck-droits-dauteur-17.mp4&#8243; _builder_version=&#8221;4.23.1&#8243; _module_preset=&#8221;default&#8221; global_colors_info=&#8221;{}&#8221;][\/et_pb_video][\/et_pb_column][\/et_pb_row][et_pb_row column_structure=&#8221;1_2,1_2&#8243; _builder_version=&#8221;4.23.1&#8243; _module_preset=&#8221;default&#8221; global_colors_info=&#8221;{}&#8221;][et_pb_column type=&#8221;1_2&#8243; _builder_version=&#8221;4.23.1&#8243; _module_preset=&#8221;default&#8221; global_colors_info=&#8221;{}&#8221;][et_pb_video src=&#8221;https:\/\/projet-tele-evolene.ch\/wp-content\/uploads\/2024\/01\/Desalpe.mp4&#8243; _builder_version=&#8221;4.23.1&#8243; _module_preset=&#8221;default&#8221; global_colors_info=&#8221;{}&#8221;][\/et_pb_video][\/et_pb_column][et_pb_column type=&#8221;1_2&#8243; _builder_version=&#8221;4.23.1&#8243; _module_preset=&#8221;default&#8221; global_colors_info=&#8221;{}&#8221;][et_pb_video src=&#8221;https:\/\/projet-tele-evolene.ch\/wp-content\/uploads\/2024\/01\/Sport-leger.mp4&#8243; _builder_version=&#8221;4.23.1&#8243; _module_preset=&#8221;default&#8221; global_colors_info=&#8221;{}&#8221;][\/et_pb_video][\/et_pb_column][\/et_pb_row][\/et_pb_section]<\/p>\n","protected":false},"excerpt":{"rendered":"<p>Explore in 3D : Dive into the future and imagine the Chemeuille of tomorrowExplore Chemeuille 2.0, a redesigned 4-season experience with a renovated restaurant, modern gondola and expanded variety of activities, creating an idyllic setting for timeless memories.<div class=\"et_pb_module dipi_image_accordion dipi_image_accordion_0\">\n\t\t\t\t\n\t\t\t\t\n\t\t\t\t\n\t\t\t\t\n\t\t\t\t\n\t\t\t\t\n\t\t\t\t<div class=\"et_pb_module_inner\">\n\t\t\t\t\t<div class=\"dipi_image_accordion_wrapper\" data-accordion-type=\"on_hover\">\n                \n            <\/div>\n\t\t\t\t<\/div>\n\t\t\t<\/div><div class=\"et_pb_module dipi_image_accordion_child dipi_image_accordion_child_0\">\n\t\t\t\t\n\t\t\t\t\n\t\t\t\t\n\t\t\t\t\n\t\t\t\t\n\t\t\t\t\n\t\t\t\t<div class=\"et_pb_module_inner\">\n\t\t\t\t\t<div class=\"dipi-ia-image-bg\">\n                <div class=\"dipi_image_accordion_bg \"><\/div>\n                <div class=\"dipi_image_accordion_bg_hover\"><\/div>\n                <div class=\"dipi_image_accordion_child_content_wrapper dipi-align-horizontal-center dipi-align-vertical-&#8221;top&#8221;\">\n                    <div class=\"dipi-accordion-content\" data-active-on-load=\"\" data-active-on-load-tablet=\"\" data-active-on-load-phone=\"\">\n                        \n                        \n                        \n                        \n                    <\/div>\n                <\/div>\n            <\/div>\n\t\t\t\t<\/div>\n\t\t\t<\/div><\/p>\n","protected":false},"author":1,"featured_media":0,"parent":0,"menu_order":0,"comment_status":"closed","ping_status":"closed","template":"","meta":{"_et_pb_use_builder":"on","_et_pb_old_content":"","_et_gb_content_width":"","footnotes":""},"dipi_cpt_category":[],"class_list":["post-23813426","page","type-page","status-publish","hentry"],"yoast_head":"<!-- This site is optimized with the Yoast SEO plugin v22.3 - https:\/\/yoast.com\/wordpress\/plugins\/seo\/ -->\n<title>Immersion - T\u00e9l\u00e9-Evol\u00e8ne Vision 360<\/title>\n<meta name=\"robots\" content=\"index, follow, max-snippet:-1, max-image-preview:large, max-video-preview:-1\" \/>\n<link rel=\"canonical\" href=\"https:\/\/projet-tele-evolene.ch\/en\/immersion\/\" \/>\n<meta property=\"og:locale\" content=\"en_US\" \/>\n<meta property=\"og:type\" content=\"article\" \/>\n<meta property=\"og:title\" content=\"Immersion - T\u00e9l\u00e9-Evol\u00e8ne Vision 360\" \/>\n<meta property=\"og:description\" content=\"Explore in 3D : Dive into the future and imagine the Chemeuille of tomorrowExplore Chemeuille 2.0, a redesigned 4-season experience with a renovated restaurant, modern gondola and expanded variety of activities, creating an idyllic setting for timeless memories.\" \/>\n<meta property=\"og:url\" content=\"https:\/\/projet-tele-evolene.ch\/en\/immersion\/\" \/>\n<meta property=\"og:site_name\" content=\"T\u00e9l\u00e9-Evol\u00e8ne Vision 360\" \/>\n<meta property=\"article:modified_time\" content=\"2024-04-03T12:23:11+00:00\" \/>\n<meta name=\"twitter:card\" content=\"summary_large_image\" \/>\n<meta name=\"twitter:label1\" content=\"Est. reading time\" \/>\n\t<meta name=\"twitter:data1\" content=\"8 minutes\" \/>\n<script type=\"application\/ld+json\" class=\"yoast-schema-graph\">{\"@context\":\"https:\/\/schema.org\",\"@graph\":[{\"@type\":\"WebPage\",\"@id\":\"https:\/\/projet-tele-evolene.ch\/en\/immersion\/\",\"url\":\"https:\/\/projet-tele-evolene.ch\/en\/immersion\/\",\"name\":\"Immersion - T\u00e9l\u00e9-Evol\u00e8ne Vision 360\",\"isPartOf\":{\"@id\":\"https:\/\/projet-tele-evolene.ch\/#website\"},\"datePublished\":\"2023-12-04T10:40:19+00:00\",\"dateModified\":\"2024-04-03T12:23:11+00:00\",\"breadcrumb\":{\"@id\":\"https:\/\/projet-tele-evolene.ch\/en\/immersion\/#breadcrumb\"},\"inLanguage\":\"en-US\",\"potentialAction\":[{\"@type\":\"ReadAction\",\"target\":[\"https:\/\/projet-tele-evolene.ch\/en\/immersion\/\"]}]},{\"@type\":\"BreadcrumbList\",\"@id\":\"https:\/\/projet-tele-evolene.ch\/en\/immersion\/#breadcrumb\",\"itemListElement\":[{\"@type\":\"ListItem\",\"position\":1,\"name\":\"Accueil\",\"item\":\"https:\/\/projet-tele-evolene.ch\/en\/\"},{\"@type\":\"ListItem\",\"position\":2,\"name\":\"Immersion\"}]},{\"@type\":\"WebSite\",\"@id\":\"https:\/\/projet-tele-evolene.ch\/#website\",\"url\":\"https:\/\/projet-tele-evolene.ch\/\",\"name\":\"Le Projet T\u00e9l\u00e9 Evol\u00e8ne, un avenir 4 saisons \u00e0 Chemeuille\",\"description\":\"\",\"publisher\":{\"@id\":\"https:\/\/projet-tele-evolene.ch\/#organization\"},\"alternateName\":\"Projet T\u00e9l\u00e9 Evol\u00e8ne\",\"potentialAction\":[{\"@type\":\"SearchAction\",\"target\":{\"@type\":\"EntryPoint\",\"urlTemplate\":\"https:\/\/projet-tele-evolene.ch\/?s={search_term_string}\"},\"query-input\":\"required name=search_term_string\"}],\"inLanguage\":\"en-US\"},{\"@type\":\"Organization\",\"@id\":\"https:\/\/projet-tele-evolene.ch\/#organization\",\"name\":\"T\u00e9l\u00e9-Evol\u00e8ne Vision 360\",\"url\":\"https:\/\/projet-tele-evolene.ch\/\",\"logo\":{\"@type\":\"ImageObject\",\"inLanguage\":\"en-US\",\"@id\":\"https:\/\/projet-tele-evolene.ch\/#\/schema\/logo\/image\/\",\"url\":\"https:\/\/projet-tele-evolene.ch\/wp-content\/uploads\/2023\/12\/cropped-Logo-Web.jpg\",\"contentUrl\":\"https:\/\/projet-tele-evolene.ch\/wp-content\/uploads\/2023\/12\/cropped-Logo-Web.jpg\",\"width\":512,\"height\":512,\"caption\":\"T\u00e9l\u00e9-Evol\u00e8ne Vision 360\"},\"image\":{\"@id\":\"https:\/\/projet-tele-evolene.ch\/#\/schema\/logo\/image\/\"}}]}<\/script>\n<!-- \/ Yoast SEO plugin. -->","yoast_head_json":{"title":"Immersion - T\u00e9l\u00e9-Evol\u00e8ne Vision 360","robots":{"index":"index","follow":"follow","max-snippet":"max-snippet:-1","max-image-preview":"max-image-preview:large","max-video-preview":"max-video-preview:-1"},"canonical":"https:\/\/projet-tele-evolene.ch\/en\/immersion\/","og_locale":"en_US","og_type":"article","og_title":"Immersion - T\u00e9l\u00e9-Evol\u00e8ne Vision 360","og_description":"Explore in 3D : Dive into the future and imagine the Chemeuille of tomorrowExplore Chemeuille 2.0, a redesigned 4-season experience with a renovated restaurant, modern gondola and expanded variety of activities, creating an idyllic setting for timeless memories.","og_url":"https:\/\/projet-tele-evolene.ch\/en\/immersion\/","og_site_name":"T\u00e9l\u00e9-Evol\u00e8ne Vision 360","article_modified_time":"2024-04-03T12:23:11+00:00","twitter_card":"summary_large_image","twitter_misc":{"Est. reading time":"8 minutes"},"schema":{"@context":"https:\/\/schema.org","@graph":[{"@type":"WebPage","@id":"https:\/\/projet-tele-evolene.ch\/en\/immersion\/","url":"https:\/\/projet-tele-evolene.ch\/en\/immersion\/","name":"Immersion - T\u00e9l\u00e9-Evol\u00e8ne Vision 360","isPartOf":{"@id":"https:\/\/projet-tele-evolene.ch\/#website"},"datePublished":"2023-12-04T10:40:19+00:00","dateModified":"2024-04-03T12:23:11+00:00","breadcrumb":{"@id":"https:\/\/projet-tele-evolene.ch\/en\/immersion\/#breadcrumb"},"inLanguage":"en-US","potentialAction":[{"@type":"ReadAction","target":["https:\/\/projet-tele-evolene.ch\/en\/immersion\/"]}]},{"@type":"BreadcrumbList","@id":"https:\/\/projet-tele-evolene.ch\/en\/immersion\/#breadcrumb","itemListElement":[{"@type":"ListItem","position":1,"name":"Accueil","item":"https:\/\/projet-tele-evolene.ch\/en\/"},{"@type":"ListItem","position":2,"name":"Immersion"}]},{"@type":"WebSite","@id":"https:\/\/projet-tele-evolene.ch\/#website","url":"https:\/\/projet-tele-evolene.ch\/","name":"Le Projet T\u00e9l\u00e9 Evol\u00e8ne, un avenir 4 saisons \u00e0 Chemeuille","description":"","publisher":{"@id":"https:\/\/projet-tele-evolene.ch\/#organization"},"alternateName":"Projet T\u00e9l\u00e9 Evol\u00e8ne","potentialAction":[{"@type":"SearchAction","target":{"@type":"EntryPoint","urlTemplate":"https:\/\/projet-tele-evolene.ch\/?s={search_term_string}"},"query-input":"required name=search_term_string"}],"inLanguage":"en-US"},{"@type":"Organization","@id":"https:\/\/projet-tele-evolene.ch\/#organization","name":"T\u00e9l\u00e9-Evol\u00e8ne Vision 360","url":"https:\/\/projet-tele-evolene.ch\/","logo":{"@type":"ImageObject","inLanguage":"en-US","@id":"https:\/\/projet-tele-evolene.ch\/#\/schema\/logo\/image\/","url":"https:\/\/projet-tele-evolene.ch\/wp-content\/uploads\/2023\/12\/cropped-Logo-Web.jpg","contentUrl":"https:\/\/projet-tele-evolene.ch\/wp-content\/uploads\/2023\/12\/cropped-Logo-Web.jpg","width":512,"height":512,"caption":"T\u00e9l\u00e9-Evol\u00e8ne Vision 360"},"image":{"@id":"https:\/\/projet-tele-evolene.ch\/#\/schema\/logo\/image\/"}}]}},"_links":{"self":[{"href":"https:\/\/projet-tele-evolene.ch\/en\/wp-json\/wp\/v2\/pages\/23813426","targetHints":{"allow":["GET"]}}],"collection":[{"href":"https:\/\/projet-tele-evolene.ch\/en\/wp-json\/wp\/v2\/pages"}],"about":[{"href":"https:\/\/projet-tele-evolene.ch\/en\/wp-json\/wp\/v2\/types\/page"}],"author":[{"embeddable":true,"href":"https:\/\/projet-tele-evolene.ch\/en\/wp-json\/wp\/v2\/users\/1"}],"replies":[{"embeddable":true,"href":"https:\/\/projet-tele-evolene.ch\/en\/wp-json\/wp\/v2\/comments?post=23813426"}],"version-history":[{"count":4,"href":"https:\/\/projet-tele-evolene.ch\/en\/wp-json\/wp\/v2\/pages\/23813426\/revisions"}],"predecessor-version":[{"id":23813430,"href":"https:\/\/projet-tele-evolene.ch\/en\/wp-json\/wp\/v2\/pages\/23813426\/revisions\/23813430"}],"wp:attachment":[{"href":"https:\/\/projet-tele-evolene.ch\/en\/wp-json\/wp\/v2\/media?parent=23813426"}],"wp:term":[{"taxonomy":"dipi_cpt_category","embeddable":true,"href":"https:\/\/projet-tele-evolene.ch\/en\/wp-json\/wp\/v2\/dipi_cpt_category?post=23813426"}],"curies":[{"name":"wp","href":"https:\/\/api.w.org\/{rel}","templated":true}]}}