{"id":23813412,"date":"2024-04-03T09:11:08","date_gmt":"2024-04-03T07:11:08","guid":{"rendered":"https:\/\/projet-tele-evolene.ch\/documentation\/"},"modified":"2024-04-03T13:41:07","modified_gmt":"2024-04-03T11:41:07","slug":"documentation","status":"publish","type":"page","link":"https:\/\/projet-tele-evolene.ch\/en\/documentation\/","title":{"rendered":"Documentation"},"content":{"rendered":"<p>[et_pb_section fb_built=&#8221;1&#8243; _builder_version=&#8221;4.24.2&#8243; _module_preset=&#8221;default&#8221; global_colors_info=&#8221;{}&#8221;][et_pb_row _builder_version=&#8221;4.24.2&#8243; _module_preset=&#8221;default&#8221; global_colors_info=&#8221;{}&#8221;][et_pb_column type=&#8221;4_4&#8243; _builder_version=&#8221;4.24.2&#8243; _module_preset=&#8221;default&#8221; global_colors_info=&#8221;{}&#8221;][et_pb_text _builder_version=&#8221;4.24.2&#8243; _module_preset=&#8221;default&#8221; custom_padding=&#8221;|20px||20px|false|false&#8221; header_font_size_tablet=&#8221;25px&#8221; header_font_size_phone=&#8221;20px&#8221; header_font_size_last_edited=&#8221;on|phone&#8221; border_width_left=&#8221;6px&#8221; border_color_left=&#8221;gcid-1ae503c5-09e6-47be-8567-a965910b1107&#8243; locked=&#8221;off&#8221; global_colors_info=&#8221;{%22gcid-1ae503c5-09e6-47be-8567-a965910b1107%22:%91%22border_color_left%22%93}&#8221;]<\/p>\n<h1><span>Info &amp; documentation<\/span><\/h1>\n<p>[\/et_pb_text][et_pb_text _builder_version=&#8221;4.24.2&#8243; _module_preset=&#8221;default&#8221; text_font=&#8221;||||||||&#8221; locked=&#8221;off&#8221; global_colors_info=&#8221;{}&#8221;]<\/p>\n<p><span>Discover all the documents you need to know about all aspects and components of the project (documents in French).<\/span><\/p>\n<p>[\/et_pb_text][\/et_pb_column][\/et_pb_row][et_pb_row column_structure=&#8221;1_2,1_2&#8243; _builder_version=&#8221;4.24.2&#8243; _module_preset=&#8221;default&#8221; global_colors_info=&#8221;{}&#8221;][et_pb_column type=&#8221;1_2&#8243; _builder_version=&#8221;4.24.2&#8243; _module_preset=&#8221;default&#8221; global_colors_info=&#8221;{}&#8221;][et_pb_text _builder_version=&#8221;4.23.1&#8243; _module_preset=&#8221;default&#8221; custom_margin=&#8221;|0px||0px|false|false&#8221; link_option_url_new_window=&#8221;on&#8221; border_radii=&#8221;on|9px|9px|9px|9px&#8221; border_width_all=&#8221;1px&#8221; border_color_all=&#8221;gcid-1ae503c5-09e6-47be-8567-a965910b1107&#8243; locked=&#8221;off&#8221; global_colors_info=&#8221;{%22gcid-1ae503c5-09e6-47be-8567-a965910b1107%22:%91%22border_color_all%22%93}&#8221;]<\/p>\n<p style=\"text-align: center;\"><a href=\"https:\/\/projet-tele-evolene.ch\/wp-content\/uploads\/2023\/12\/16-Business-Plan-TEV-SA_01.2019.pdf\" rel=\"attachment wp-att-29273\"><\/a><a href=\"https:\/\/projet-tele-evolene.ch\/wp-content\/uploads\/2023\/12\/Business-Plan-TEV-SA.pdf\" rel=\"attachment wp-att-29297\"><\/a><a href=\"https:\/\/projet-tele-evolene.ch\/wp-content\/uploads\/2024\/01\/Business-Plan-TEV-SA-modifie.pdf\" rel=\"attachment wp-att-29417\">Business Plan &#8211; Tele Evol\u00e8ne &#8211; January 2019 &#8211; FR<\/a><a href=\"https:\/\/projet-tele-evolene.ch\/wp-content\/uploads\/2023\/12\/Business-Plan-TEV-SA.pdf\" rel=\"attachment wp-att-29297\"><\/a><\/p>\n<p>[\/et_pb_text][et_pb_code _builder_version=&#8221;4.24.2&#8243; _module_preset=&#8221;default&#8221; hover_enabled=&#8221;0&#8243; global_colors_info=&#8221;{}&#8221; width_last_edited=&#8221;on|phone&#8221; sticky_enabled=&#8221;0&#8243; module_alignment=&#8221;center&#8221; min_height=&#8221;100px&#8221; width_phone=&#8221;100%&#8221; max_width=&#8221;100%&#8221; disabled_on=&#8221;on|off|off&#8221;]<embed src=\"https:\/\/projet-tele-evolene.ch\/wp-content\/uploads\/2024\/01\/Business-Plan-TEV-SA-modifie.pdf#page=1\" type=\"application\/pdf\" width=\"100%\" height=\"80px\" style=\"background-color: #CE5716; border-radius: 15px;\"><\/embed>[\/et_pb_code][\/et_pb_column][et_pb_column type=&#8221;1_2&#8243; _builder_version=&#8221;4.24.2&#8243; _module_preset=&#8221;default&#8221; global_colors_info=&#8221;{}&#8221;][et_pb_text _builder_version=&#8221;4.23.1&#8243; _module_preset=&#8221;default&#8221; custom_margin=&#8221;|0px||0px|false|false&#8221; link_option_url_new_window=&#8221;on&#8221; border_radii=&#8221;on|9px|9px|9px|9px&#8221; border_width_all=&#8221;1px&#8221; border_color_all=&#8221;gcid-1ae503c5-09e6-47be-8567-a965910b1107&#8243; locked=&#8221;off&#8221; global_colors_info=&#8221;{%22gcid-1ae503c5-09e6-47be-8567-a965910b1107%22:%91%22border_color_all%22%93}&#8221;]<\/p>\n<p style=\"text-align: center;\"><a href=\"https:\/\/projet-tele-evolene.ch\/wp-content\/uploads\/2024\/01\/Plan-financier-page-1.pdf\" rel=\"attachment wp-att-29418\">Financial Plan 2021-2028 &#8211; FR<\/a><\/p>\n<p>[\/et_pb_text][et_pb_code _builder_version=&#8221;4.24.2&#8243; _module_preset=&#8221;default&#8221; global_colors_info=&#8221;{}&#8221; disabled_on=&#8221;on|off|off&#8221;]<embed src=\"https:\/\/projet-tele-evolene.ch\/wp-content\/uploads\/2024\/01\/Plan-financier-page-1.pdf#page=1&amp;view=FitH&amp;toolbar=0\" type=\"application\/pdf\" width=\"100%\" height=\"80px\" style=\"background-color: #CE5716; border-radius: 15px;\"><\/embed>[\/et_pb_code][\/et_pb_column][\/et_pb_row][et_pb_row column_structure=&#8221;1_2,1_2&#8243; _builder_version=&#8221;4.24.2&#8243; _module_preset=&#8221;default&#8221; global_colors_info=&#8221;{}&#8221;][et_pb_column type=&#8221;1_2&#8243; _builder_version=&#8221;4.24.2&#8243; _module_preset=&#8221;default&#8221; global_colors_info=&#8221;{}&#8221;][et_pb_text _builder_version=&#8221;4.24.2&#8243; _module_preset=&#8221;default&#8221; custom_margin=&#8221;|0px||0px|false|false&#8221; link_option_url_new_window=&#8221;on&#8221; border_radii=&#8221;on|9px|9px|9px|9px&#8221; border_width_all=&#8221;1px&#8221; border_color_all=&#8221;gcid-1ae503c5-09e6-47be-8567-a965910b1107&#8243; locked=&#8221;off&#8221; global_colors_info=&#8221;{%22gcid-1ae503c5-09e6-47be-8567-a965910b1107%22:%91%22border_color_all%22%93}&#8221;]<\/p>\n<p style=\"text-align: center;\"><a href=\"https:\/\/projet-tele-evolene.ch\/wp-content\/uploads\/2023\/12\/16-Business-Plan-TEV-SA_01.2019.pdf\" rel=\"attachment wp-att-29273\"><\/a><a href=\"https:\/\/projet-tele-evolene.ch\/wp-content\/uploads\/2023\/12\/Business-Plan-TEV-SA.pdf\" rel=\"attachment wp-att-29297\"><\/a><a href=\"https:\/\/projet-tele-evolene.ch\/wp-content\/uploads\/2024\/02\/Brochure-Projet.pdf\" rel=\"attachment wp-att-29417\">Project brochure &#8211; FR<\/a><a href=\"https:\/\/projet-tele-evolene.ch\/wp-content\/uploads\/2023\/12\/Business-Plan-TEV-SA.pdf\" rel=\"attachment wp-att-29297\"><\/a><\/p>\n<p>[\/et_pb_text][et_pb_code _builder_version=&#8221;4.24.2&#8243; _module_preset=&#8221;default&#8221; global_colors_info=&#8221;{}&#8221; disabled_on=&#8221;on|off|off&#8221;]<embed src=\"https:\/\/projet-tele-evolene.ch\/wp-content\/uploads\/2024\/02\/Brochure-Projet.pdf#page=1\" type=\"application\/pdf\" width=\"100%\" height=\"80px\" style=\"background-color: #CE5716; border-radius: 15px;\"><\/embed>[\/et_pb_code][\/et_pb_column][et_pb_column type=&#8221;1_2&#8243; _builder_version=&#8221;4.24.2&#8243; _module_preset=&#8221;default&#8221; global_colors_info=&#8221;{}&#8221;][et_pb_text _builder_version=&#8221;4.24.2&#8243; _module_preset=&#8221;default&#8221; custom_margin=&#8221;|0px||0px|false|false&#8221; link_option_url_new_window=&#8221;on&#8221; border_radii=&#8221;on|9px|9px|9px|9px&#8221; border_width_all=&#8221;1px&#8221; border_color_all=&#8221;gcid-1ae503c5-09e6-47be-8567-a965910b1107&#8243; locked=&#8221;off&#8221; global_colors_info=&#8221;{%22gcid-1ae503c5-09e6-47be-8567-a965910b1107%22:%91%22border_color_all%22%93}&#8221;]<\/p>\n<p style=\"text-align: center;\"><a href=\"https:\/\/projet-tele-evolene.ch\/wp-content\/uploads\/2024\/04\/depliant-tele-evolene-digital-leger_compressed.pdf\" rel=\"attachment wp-att-29418\">Project leaflet &#8211; FR<\/a><\/p>\n<p>[\/et_pb_text][et_pb_code _builder_version=&#8221;4.24.2&#8243; _module_preset=&#8221;default&#8221; global_colors_info=&#8221;{}&#8221; disabled_on=&#8221;on|off|off&#8221;]<embed src=\"https:\/\/projet-tele-evolene.ch\/wp-content\/uploads\/2024\/04\/depliant-tele-evolene-digital-leger_compressed.pdf#page=1\" type=\"application\/pdf\" width=\"100%\" height=\"80px\" style=\"background-color: #CE5716; border-radius: 15px;\"><\/embed>[\/et_pb_code][\/et_pb_column][\/et_pb_row][\/et_pb_section]<\/p>\n","protected":false},"excerpt":{"rendered":"<p>Info &amp; documentationDiscover all the documents you need to know about all aspects and components of the project (documents in French).Business Plan &#8211; Tele Evol\u00e8ne &#8211; January 2019 &#8211; FRFinancial Plan 2021-2028 &#8211; FRProject brochure &#8211; FRProject leaflet &#8211; FR<\/p>\n","protected":false},"author":1,"featured_media":0,"parent":0,"menu_order":0,"comment_status":"closed","ping_status":"closed","template":"","meta":{"_et_pb_use_builder":"on","_et_pb_old_content":"","_et_gb_content_width":"","footnotes":""},"dipi_cpt_category":[],"class_list":["post-23813412","page","type-page","status-publish","hentry"],"yoast_head":"<!-- This site is optimized with the Yoast SEO plugin v22.3 - https:\/\/yoast.com\/wordpress\/plugins\/seo\/ -->\n<title>Documentation - T\u00e9l\u00e9-Evol\u00e8ne Vision 360<\/title>\n<meta name=\"robots\" content=\"index, follow, max-snippet:-1, max-image-preview:large, max-video-preview:-1\" \/>\n<link rel=\"canonical\" href=\"https:\/\/projet-tele-evolene.ch\/en\/documentation\/\" \/>\n<meta property=\"og:locale\" content=\"en_US\" \/>\n<meta property=\"og:type\" content=\"article\" \/>\n<meta property=\"og:title\" content=\"Documentation - T\u00e9l\u00e9-Evol\u00e8ne Vision 360\" \/>\n<meta property=\"og:description\" content=\"Info &amp; documentationDiscover all the documents you need to know about all aspects and components of the project (documents in French).Business Plan - Tele Evol\u00e8ne - January 2019 - FRFinancial Plan 2021-2028 - FRProject brochure - FRProject leaflet - FR\" \/>\n<meta property=\"og:url\" content=\"https:\/\/projet-tele-evolene.ch\/en\/documentation\/\" \/>\n<meta property=\"og:site_name\" content=\"T\u00e9l\u00e9-Evol\u00e8ne Vision 360\" \/>\n<meta property=\"article:modified_time\" content=\"2024-04-03T11:41:07+00:00\" \/>\n<meta name=\"twitter:card\" content=\"summary_large_image\" \/>\n<meta name=\"twitter:label1\" content=\"Est. reading time\" \/>\n\t<meta name=\"twitter:data1\" content=\"3 minutes\" \/>\n<script type=\"application\/ld+json\" class=\"yoast-schema-graph\">{\"@context\":\"https:\/\/schema.org\",\"@graph\":[{\"@type\":\"WebPage\",\"@id\":\"https:\/\/projet-tele-evolene.ch\/en\/documentation\/\",\"url\":\"https:\/\/projet-tele-evolene.ch\/en\/documentation\/\",\"name\":\"Documentation - T\u00e9l\u00e9-Evol\u00e8ne Vision 360\",\"isPartOf\":{\"@id\":\"https:\/\/projet-tele-evolene.ch\/#website\"},\"datePublished\":\"2024-04-03T07:11:08+00:00\",\"dateModified\":\"2024-04-03T11:41:07+00:00\",\"breadcrumb\":{\"@id\":\"https:\/\/projet-tele-evolene.ch\/en\/documentation\/#breadcrumb\"},\"inLanguage\":\"en-US\",\"potentialAction\":[{\"@type\":\"ReadAction\",\"target\":[\"https:\/\/projet-tele-evolene.ch\/en\/documentation\/\"]}]},{\"@type\":\"BreadcrumbList\",\"@id\":\"https:\/\/projet-tele-evolene.ch\/en\/documentation\/#breadcrumb\",\"itemListElement\":[{\"@type\":\"ListItem\",\"position\":1,\"name\":\"Accueil\",\"item\":\"https:\/\/projet-tele-evolene.ch\/en\/\"},{\"@type\":\"ListItem\",\"position\":2,\"name\":\"Documentation\"}]},{\"@type\":\"WebSite\",\"@id\":\"https:\/\/projet-tele-evolene.ch\/#website\",\"url\":\"https:\/\/projet-tele-evolene.ch\/\",\"name\":\"Le Projet T\u00e9l\u00e9 Evol\u00e8ne, un avenir 4 saisons \u00e0 Chemeuille\",\"description\":\"\",\"publisher\":{\"@id\":\"https:\/\/projet-tele-evolene.ch\/#organization\"},\"alternateName\":\"Projet T\u00e9l\u00e9 Evol\u00e8ne\",\"potentialAction\":[{\"@type\":\"SearchAction\",\"target\":{\"@type\":\"EntryPoint\",\"urlTemplate\":\"https:\/\/projet-tele-evolene.ch\/?s={search_term_string}\"},\"query-input\":\"required name=search_term_string\"}],\"inLanguage\":\"en-US\"},{\"@type\":\"Organization\",\"@id\":\"https:\/\/projet-tele-evolene.ch\/#organization\",\"name\":\"T\u00e9l\u00e9-Evol\u00e8ne Vision 360\",\"url\":\"https:\/\/projet-tele-evolene.ch\/\",\"logo\":{\"@type\":\"ImageObject\",\"inLanguage\":\"en-US\",\"@id\":\"https:\/\/projet-tele-evolene.ch\/#\/schema\/logo\/image\/\",\"url\":\"https:\/\/projet-tele-evolene.ch\/wp-content\/uploads\/2023\/12\/cropped-Logo-Web.jpg\",\"contentUrl\":\"https:\/\/projet-tele-evolene.ch\/wp-content\/uploads\/2023\/12\/cropped-Logo-Web.jpg\",\"width\":512,\"height\":512,\"caption\":\"T\u00e9l\u00e9-Evol\u00e8ne Vision 360\"},\"image\":{\"@id\":\"https:\/\/projet-tele-evolene.ch\/#\/schema\/logo\/image\/\"}}]}<\/script>\n<!-- \/ Yoast SEO plugin. -->","yoast_head_json":{"title":"Documentation - T\u00e9l\u00e9-Evol\u00e8ne Vision 360","robots":{"index":"index","follow":"follow","max-snippet":"max-snippet:-1","max-image-preview":"max-image-preview:large","max-video-preview":"max-video-preview:-1"},"canonical":"https:\/\/projet-tele-evolene.ch\/en\/documentation\/","og_locale":"en_US","og_type":"article","og_title":"Documentation - T\u00e9l\u00e9-Evol\u00e8ne Vision 360","og_description":"Info &amp; documentationDiscover all the documents you need to know about all aspects and components of the project (documents in French).Business Plan - Tele Evol\u00e8ne - January 2019 - FRFinancial Plan 2021-2028 - FRProject brochure - FRProject leaflet - FR","og_url":"https:\/\/projet-tele-evolene.ch\/en\/documentation\/","og_site_name":"T\u00e9l\u00e9-Evol\u00e8ne Vision 360","article_modified_time":"2024-04-03T11:41:07+00:00","twitter_card":"summary_large_image","twitter_misc":{"Est. reading time":"3 minutes"},"schema":{"@context":"https:\/\/schema.org","@graph":[{"@type":"WebPage","@id":"https:\/\/projet-tele-evolene.ch\/en\/documentation\/","url":"https:\/\/projet-tele-evolene.ch\/en\/documentation\/","name":"Documentation - T\u00e9l\u00e9-Evol\u00e8ne Vision 360","isPartOf":{"@id":"https:\/\/projet-tele-evolene.ch\/#website"},"datePublished":"2024-04-03T07:11:08+00:00","dateModified":"2024-04-03T11:41:07+00:00","breadcrumb":{"@id":"https:\/\/projet-tele-evolene.ch\/en\/documentation\/#breadcrumb"},"inLanguage":"en-US","potentialAction":[{"@type":"ReadAction","target":["https:\/\/projet-tele-evolene.ch\/en\/documentation\/"]}]},{"@type":"BreadcrumbList","@id":"https:\/\/projet-tele-evolene.ch\/en\/documentation\/#breadcrumb","itemListElement":[{"@type":"ListItem","position":1,"name":"Accueil","item":"https:\/\/projet-tele-evolene.ch\/en\/"},{"@type":"ListItem","position":2,"name":"Documentation"}]},{"@type":"WebSite","@id":"https:\/\/projet-tele-evolene.ch\/#website","url":"https:\/\/projet-tele-evolene.ch\/","name":"Le Projet T\u00e9l\u00e9 Evol\u00e8ne, un avenir 4 saisons \u00e0 Chemeuille","description":"","publisher":{"@id":"https:\/\/projet-tele-evolene.ch\/#organization"},"alternateName":"Projet T\u00e9l\u00e9 Evol\u00e8ne","potentialAction":[{"@type":"SearchAction","target":{"@type":"EntryPoint","urlTemplate":"https:\/\/projet-tele-evolene.ch\/?s={search_term_string}"},"query-input":"required name=search_term_string"}],"inLanguage":"en-US"},{"@type":"Organization","@id":"https:\/\/projet-tele-evolene.ch\/#organization","name":"T\u00e9l\u00e9-Evol\u00e8ne Vision 360","url":"https:\/\/projet-tele-evolene.ch\/","logo":{"@type":"ImageObject","inLanguage":"en-US","@id":"https:\/\/projet-tele-evolene.ch\/#\/schema\/logo\/image\/","url":"https:\/\/projet-tele-evolene.ch\/wp-content\/uploads\/2023\/12\/cropped-Logo-Web.jpg","contentUrl":"https:\/\/projet-tele-evolene.ch\/wp-content\/uploads\/2023\/12\/cropped-Logo-Web.jpg","width":512,"height":512,"caption":"T\u00e9l\u00e9-Evol\u00e8ne Vision 360"},"image":{"@id":"https:\/\/projet-tele-evolene.ch\/#\/schema\/logo\/image\/"}}]}},"_links":{"self":[{"href":"https:\/\/projet-tele-evolene.ch\/en\/wp-json\/wp\/v2\/pages\/23813412","targetHints":{"allow":["GET"]}}],"collection":[{"href":"https:\/\/projet-tele-evolene.ch\/en\/wp-json\/wp\/v2\/pages"}],"about":[{"href":"https:\/\/projet-tele-evolene.ch\/en\/wp-json\/wp\/v2\/types\/page"}],"author":[{"embeddable":true,"href":"https:\/\/projet-tele-evolene.ch\/en\/wp-json\/wp\/v2\/users\/1"}],"replies":[{"embeddable":true,"href":"https:\/\/projet-tele-evolene.ch\/en\/wp-json\/wp\/v2\/comments?post=23813412"}],"version-history":[{"count":2,"href":"https:\/\/projet-tele-evolene.ch\/en\/wp-json\/wp\/v2\/pages\/23813412\/revisions"}],"predecessor-version":[{"id":23813414,"href":"https:\/\/projet-tele-evolene.ch\/en\/wp-json\/wp\/v2\/pages\/23813412\/revisions\/23813414"}],"wp:attachment":[{"href":"https:\/\/projet-tele-evolene.ch\/en\/wp-json\/wp\/v2\/media?parent=23813412"}],"wp:term":[{"taxonomy":"dipi_cpt_category","embeddable":true,"href":"https:\/\/projet-tele-evolene.ch\/en\/wp-json\/wp\/v2\/dipi_cpt_category?post=23813412"}],"curies":[{"name":"wp","href":"https:\/\/api.w.org\/{rel}","templated":true}]}}