{"id":23813335,"date":"2023-12-26T13:06:59","date_gmt":"2023-12-26T12:06:59","guid":{"rendered":"https:\/\/projet-tele-evolene.ch\/read-more\/"},"modified":"2024-03-24T12:20:13","modified_gmt":"2024-03-24T11:20:13","slug":"read-more","status":"publish","type":"page","link":"https:\/\/projet-tele-evolene.ch\/en\/read-more\/","title":{"rendered":"Read more"},"content":{"rendered":"<p>[et_pb_section fb_built=&#8221;1&#8243; _builder_version=&#8221;4.23.1&#8243; _module_preset=&#8221;default&#8221; global_colors_info=&#8221;{}&#8221;][et_pb_row column_structure=&#8221;1_2,1_2&#8243; _builder_version=&#8221;4.23.1&#8243; _module_preset=&#8221;default&#8221; locked=&#8221;off&#8221; global_colors_info=&#8221;{}&#8221;][et_pb_column type=&#8221;1_2&#8243; _builder_version=&#8221;4.23.1&#8243; _module_preset=&#8221;default&#8221; global_colors_info=&#8221;{}&#8221;][et_pb_text _builder_version=&#8221;4.23.1&#8243; _module_preset=&#8221;default&#8221; custom_padding=&#8221;|20px||20px|false|false&#8221; header_font_size_tablet=&#8221;25px&#8221; header_font_size_phone=&#8221;20px&#8221; header_font_size_last_edited=&#8221;on|phone&#8221; border_width_left=&#8221;6px&#8221; border_color_left=&#8221;gcid-1ae503c5-09e6-47be-8567-a965910b1107&#8243; global_colors_info=&#8221;{%22gcid-1ae503c5-09e6-47be-8567-a965910b1107%22:%91%22border_color_left%22%93}&#8221;]<\/p>\n<h1><span>Business Plan<\/span><\/h1>\n<p>[\/et_pb_text][\/et_pb_column][et_pb_column type=&#8221;1_2&#8243; _builder_version=&#8221;4.23.1&#8243; _module_preset=&#8221;default&#8221; global_colors_info=&#8221;{}&#8221;][\/et_pb_column][\/et_pb_row][et_pb_row column_structure=&#8221;1_2,1_2&#8243; _builder_version=&#8221;4.23.1&#8243; _module_preset=&#8221;default&#8221; locked=&#8221;off&#8221; global_colors_info=&#8221;{}&#8221;][et_pb_column type=&#8221;1_2&#8243; _builder_version=&#8221;4.23.1&#8243; _module_preset=&#8221;default&#8221; global_colors_info=&#8221;{}&#8221;][et_pb_text _builder_version=&#8221;4.23.1&#8243; _module_preset=&#8221;default&#8221; header_3_text_color=&#8221;gcid-1ae503c5-09e6-47be-8567-a965910b1107&#8243; global_colors_info=&#8221;{%22gcid-1ae503c5-09e6-47be-8567-a965910b1107%22:%91%22header_3_text_color%22%93}&#8221;]<\/p>\n<h3>1. Origin of the project<\/h3>\n<p>Initiated by the local council in June 2018.<br \/>Appeal to lift companies for concrete projects.<br \/>Financial contribution from the commune under certain conditions.<\/p>\n<h3>2. Lifts study (Besson\/De Iaco)<\/h3>\n<p>Need to invest in ski lifts.<br \/>Complementarity and synergies with existing ski areas.<br \/>Decision to build a gondola based on realistic financial planning.<\/p>\n<h3>3. Project modifications<\/h3>\n<p>Lower hourly throughput and fewer cabins to cut costs.<br \/>Changes to start\/finish station locations.<br \/>Renovation of the restaurant and development of the ski area.<br \/>Considerations on avalanche hazards and land-use planning.<\/p>\n<h3>4. Project justification<\/h3>\n<p>A fresh start to revitalize the region.<br \/>Gondola benefits, such as reduced access time, safety and accessibility.<br \/>4-season activities for all ages.<br \/>Encouragement of local tourism and cooperation with alpine pastures.<\/p>\n<p>[\/et_pb_text][\/et_pb_column][et_pb_column type=&#8221;1_2&#8243; _builder_version=&#8221;4.23.1&#8243; _module_preset=&#8221;default&#8221; global_colors_info=&#8221;{}&#8221;][et_pb_text _builder_version=&#8221;4.23.1&#8243; _module_preset=&#8221;default&#8221; header_3_text_color=&#8221;gcid-1ae503c5-09e6-47be-8567-a965910b1107&#8243; global_colors_info=&#8221;{%22gcid-1ae503c5-09e6-47be-8567-a965910b1107%22:%91%22header_3_text_color%22%93}&#8221;]<\/p>\n<h3>5. Financing<\/h3>\n<p>Total budget of 10.5 million francs.<br \/>Combination of public and private funding and loans.<br \/>Gradual withdrawal of the commune from the operation.<\/p>\n<h3>6. Financial planning<\/h3>\n<p>Medium-term objectives for summer and winter passages.<br \/>Benchmarks based on other ski areas.<br \/>Annual investment costs for gondola lift and restaurant.<\/p>\n<h3>7. Future projects<\/h3>\n<p>Short-term: redefine the brand, collaborations, events, customer offers, communications, etc.<br \/>Medium-term: replacement of ski lifts with a chairlift, improved artificial snow coverage.<\/p>\n<h3>8. Conclusion<\/h3>\n<p>Essential investment support from the commune.<br \/>Position Evol\u00e8ne as a &#8220;4-season&#8221; mountain resort.<br \/>Offer quality infrastructures to attract new guests and generate long-term economic benefits.<\/p>\n<p>[\/et_pb_text][et_pb_text _builder_version=&#8221;4.23.1&#8243; _module_preset=&#8221;default&#8221; custom_margin=&#8221;|0px||0px|false|false&#8221; link_option_url_new_window=&#8221;on&#8221; hover_enabled=&#8221;0&#8243; border_radii=&#8221;on|9px|9px|9px|9px&#8221; border_width_all=&#8221;1px&#8221; border_color_all=&#8221;gcid-1ae503c5-09e6-47be-8567-a965910b1107&#8243; global_colors_info=&#8221;{%22gcid-1ae503c5-09e6-47be-8567-a965910b1107%22:%91%22border_color_all%22%93}&#8221; sticky_enabled=&#8221;0&#8243;]<\/p>\n<p style=\"text-align: center;\"><a href=\"https:\/\/projet-tele-evolene.ch\/wp-content\/uploads\/2023\/12\/16-Business-Plan-TEV-SA_01.2019.pdf\" rel=\"attachment wp-att-29273\"><\/a><a href=\"https:\/\/projet-tele-evolene.ch\/wp-content\/uploads\/2023\/12\/Business-Plan-TEV-SA.pdf\" rel=\"attachment wp-att-29297\"><\/a><a href=\"https:\/\/projet-tele-evolene.ch\/wp-content\/uploads\/2024\/01\/Business-Plan-TEV-SA-modifie.pdf\" rel=\"attachment wp-att-29417\">Business Plan &#8211; Tele Evol\u00e8ne &#8211; janvier 2019 FR<\/a><a href=\"https:\/\/projet-tele-evolene.ch\/wp-content\/uploads\/2023\/12\/Business-Plan-TEV-SA.pdf\" rel=\"attachment wp-att-29297\"><\/a><\/p>\n<p>[\/et_pb_text][et_pb_text _builder_version=&#8221;4.23.1&#8243; _module_preset=&#8221;default&#8221; custom_margin=&#8221;|0px||0px|false|false&#8221; link_option_url_new_window=&#8221;on&#8221; hover_enabled=&#8221;0&#8243; border_radii=&#8221;on|9px|9px|9px|9px&#8221; border_width_all=&#8221;1px&#8221; border_color_all=&#8221;gcid-1ae503c5-09e6-47be-8567-a965910b1107&#8243; global_colors_info=&#8221;{%22gcid-1ae503c5-09e6-47be-8567-a965910b1107%22:%91%22border_color_all%22%93}&#8221; sticky_enabled=&#8221;0&#8243;]<\/p>\n<p style=\"text-align: center;\"><a href=\"https:\/\/projet-tele-evolene.ch\/wp-content\/uploads\/2024\/01\/Plan-financier-page-1.pdf\" rel=\"attachment wp-att-29418\">Plan financier 2021-2028 FR<\/a><\/p>\n<p>[\/et_pb_text][\/et_pb_column][\/et_pb_row][\/et_pb_section]<\/p>\n","protected":false},"excerpt":{"rendered":"<p>Business Plan1. Origin of the project Initiated by the local council in June 2018.Appeal to lift companies for concrete projects.Financial contribution from the commune under certain conditions. 2. Lifts study (Besson\/De Iaco) Need to invest in ski lifts.Complementarity and synergies with existing ski areas.Decision to build a gondola based on realistic financial planning. 3. Project [&hellip;]<\/p>\n","protected":false},"author":1,"featured_media":0,"parent":0,"menu_order":0,"comment_status":"closed","ping_status":"closed","template":"","meta":{"_et_pb_use_builder":"on","_et_pb_old_content":"","_et_gb_content_width":"","footnotes":""},"dipi_cpt_category":[],"class_list":["post-23813335","page","type-page","status-publish","hentry"],"yoast_head":"<!-- This site is optimized with the Yoast SEO plugin v22.3 - https:\/\/yoast.com\/wordpress\/plugins\/seo\/ -->\n<title>Read more - T\u00e9l\u00e9-Evol\u00e8ne Vision 360<\/title>\n<meta name=\"robots\" content=\"index, follow, max-snippet:-1, max-image-preview:large, max-video-preview:-1\" \/>\n<link rel=\"canonical\" href=\"https:\/\/projet-tele-evolene.ch\/en\/read-more\/\" \/>\n<meta property=\"og:locale\" content=\"en_US\" \/>\n<meta property=\"og:type\" content=\"article\" \/>\n<meta property=\"og:title\" content=\"Read more - T\u00e9l\u00e9-Evol\u00e8ne Vision 360\" \/>\n<meta property=\"og:description\" content=\"Business Plan1. Origin of the project Initiated by the local council in June 2018.Appeal to lift companies for concrete projects.Financial contribution from the commune under certain conditions. 2. Lifts study (Besson\/De Iaco) Need to invest in ski lifts.Complementarity and synergies with existing ski areas.Decision to build a gondola based on realistic financial planning. 3. Project [&hellip;]\" \/>\n<meta property=\"og:url\" content=\"https:\/\/projet-tele-evolene.ch\/en\/read-more\/\" \/>\n<meta property=\"og:site_name\" content=\"T\u00e9l\u00e9-Evol\u00e8ne Vision 360\" \/>\n<meta property=\"article:modified_time\" content=\"2024-03-24T11:20:13+00:00\" \/>\n<meta name=\"twitter:card\" content=\"summary_large_image\" \/>\n<meta name=\"twitter:label1\" content=\"Est. reading time\" \/>\n\t<meta name=\"twitter:data1\" content=\"3 minutes\" \/>\n<script type=\"application\/ld+json\" class=\"yoast-schema-graph\">{\"@context\":\"https:\/\/schema.org\",\"@graph\":[{\"@type\":\"WebPage\",\"@id\":\"https:\/\/projet-tele-evolene.ch\/en\/read-more\/\",\"url\":\"https:\/\/projet-tele-evolene.ch\/en\/read-more\/\",\"name\":\"Read more - T\u00e9l\u00e9-Evol\u00e8ne Vision 360\",\"isPartOf\":{\"@id\":\"https:\/\/projet-tele-evolene.ch\/#website\"},\"datePublished\":\"2023-12-26T12:06:59+00:00\",\"dateModified\":\"2024-03-24T11:20:13+00:00\",\"breadcrumb\":{\"@id\":\"https:\/\/projet-tele-evolene.ch\/en\/read-more\/#breadcrumb\"},\"inLanguage\":\"en-US\",\"potentialAction\":[{\"@type\":\"ReadAction\",\"target\":[\"https:\/\/projet-tele-evolene.ch\/en\/read-more\/\"]}]},{\"@type\":\"BreadcrumbList\",\"@id\":\"https:\/\/projet-tele-evolene.ch\/en\/read-more\/#breadcrumb\",\"itemListElement\":[{\"@type\":\"ListItem\",\"position\":1,\"name\":\"Accueil\",\"item\":\"https:\/\/projet-tele-evolene.ch\/en\/\"},{\"@type\":\"ListItem\",\"position\":2,\"name\":\"Read more\"}]},{\"@type\":\"WebSite\",\"@id\":\"https:\/\/projet-tele-evolene.ch\/#website\",\"url\":\"https:\/\/projet-tele-evolene.ch\/\",\"name\":\"Le Projet T\u00e9l\u00e9 Evol\u00e8ne, un avenir 4 saisons \u00e0 Chemeuille\",\"description\":\"\",\"publisher\":{\"@id\":\"https:\/\/projet-tele-evolene.ch\/#organization\"},\"alternateName\":\"Projet T\u00e9l\u00e9 Evol\u00e8ne\",\"potentialAction\":[{\"@type\":\"SearchAction\",\"target\":{\"@type\":\"EntryPoint\",\"urlTemplate\":\"https:\/\/projet-tele-evolene.ch\/?s={search_term_string}\"},\"query-input\":\"required name=search_term_string\"}],\"inLanguage\":\"en-US\"},{\"@type\":\"Organization\",\"@id\":\"https:\/\/projet-tele-evolene.ch\/#organization\",\"name\":\"T\u00e9l\u00e9-Evol\u00e8ne Vision 360\",\"url\":\"https:\/\/projet-tele-evolene.ch\/\",\"logo\":{\"@type\":\"ImageObject\",\"inLanguage\":\"en-US\",\"@id\":\"https:\/\/projet-tele-evolene.ch\/#\/schema\/logo\/image\/\",\"url\":\"https:\/\/projet-tele-evolene.ch\/wp-content\/uploads\/2023\/12\/cropped-Logo-Web.jpg\",\"contentUrl\":\"https:\/\/projet-tele-evolene.ch\/wp-content\/uploads\/2023\/12\/cropped-Logo-Web.jpg\",\"width\":512,\"height\":512,\"caption\":\"T\u00e9l\u00e9-Evol\u00e8ne Vision 360\"},\"image\":{\"@id\":\"https:\/\/projet-tele-evolene.ch\/#\/schema\/logo\/image\/\"}}]}<\/script>\n<!-- \/ Yoast SEO plugin. -->","yoast_head_json":{"title":"Read more - T\u00e9l\u00e9-Evol\u00e8ne Vision 360","robots":{"index":"index","follow":"follow","max-snippet":"max-snippet:-1","max-image-preview":"max-image-preview:large","max-video-preview":"max-video-preview:-1"},"canonical":"https:\/\/projet-tele-evolene.ch\/en\/read-more\/","og_locale":"en_US","og_type":"article","og_title":"Read more - T\u00e9l\u00e9-Evol\u00e8ne Vision 360","og_description":"Business Plan1. Origin of the project Initiated by the local council in June 2018.Appeal to lift companies for concrete projects.Financial contribution from the commune under certain conditions. 2. Lifts study (Besson\/De Iaco) Need to invest in ski lifts.Complementarity and synergies with existing ski areas.Decision to build a gondola based on realistic financial planning. 3. Project [&hellip;]","og_url":"https:\/\/projet-tele-evolene.ch\/en\/read-more\/","og_site_name":"T\u00e9l\u00e9-Evol\u00e8ne Vision 360","article_modified_time":"2024-03-24T11:20:13+00:00","twitter_card":"summary_large_image","twitter_misc":{"Est. reading time":"3 minutes"},"schema":{"@context":"https:\/\/schema.org","@graph":[{"@type":"WebPage","@id":"https:\/\/projet-tele-evolene.ch\/en\/read-more\/","url":"https:\/\/projet-tele-evolene.ch\/en\/read-more\/","name":"Read more - T\u00e9l\u00e9-Evol\u00e8ne Vision 360","isPartOf":{"@id":"https:\/\/projet-tele-evolene.ch\/#website"},"datePublished":"2023-12-26T12:06:59+00:00","dateModified":"2024-03-24T11:20:13+00:00","breadcrumb":{"@id":"https:\/\/projet-tele-evolene.ch\/en\/read-more\/#breadcrumb"},"inLanguage":"en-US","potentialAction":[{"@type":"ReadAction","target":["https:\/\/projet-tele-evolene.ch\/en\/read-more\/"]}]},{"@type":"BreadcrumbList","@id":"https:\/\/projet-tele-evolene.ch\/en\/read-more\/#breadcrumb","itemListElement":[{"@type":"ListItem","position":1,"name":"Accueil","item":"https:\/\/projet-tele-evolene.ch\/en\/"},{"@type":"ListItem","position":2,"name":"Read more"}]},{"@type":"WebSite","@id":"https:\/\/projet-tele-evolene.ch\/#website","url":"https:\/\/projet-tele-evolene.ch\/","name":"Le Projet T\u00e9l\u00e9 Evol\u00e8ne, un avenir 4 saisons \u00e0 Chemeuille","description":"","publisher":{"@id":"https:\/\/projet-tele-evolene.ch\/#organization"},"alternateName":"Projet T\u00e9l\u00e9 Evol\u00e8ne","potentialAction":[{"@type":"SearchAction","target":{"@type":"EntryPoint","urlTemplate":"https:\/\/projet-tele-evolene.ch\/?s={search_term_string}"},"query-input":"required name=search_term_string"}],"inLanguage":"en-US"},{"@type":"Organization","@id":"https:\/\/projet-tele-evolene.ch\/#organization","name":"T\u00e9l\u00e9-Evol\u00e8ne Vision 360","url":"https:\/\/projet-tele-evolene.ch\/","logo":{"@type":"ImageObject","inLanguage":"en-US","@id":"https:\/\/projet-tele-evolene.ch\/#\/schema\/logo\/image\/","url":"https:\/\/projet-tele-evolene.ch\/wp-content\/uploads\/2023\/12\/cropped-Logo-Web.jpg","contentUrl":"https:\/\/projet-tele-evolene.ch\/wp-content\/uploads\/2023\/12\/cropped-Logo-Web.jpg","width":512,"height":512,"caption":"T\u00e9l\u00e9-Evol\u00e8ne Vision 360"},"image":{"@id":"https:\/\/projet-tele-evolene.ch\/#\/schema\/logo\/image\/"}}]}},"_links":{"self":[{"href":"https:\/\/projet-tele-evolene.ch\/en\/wp-json\/wp\/v2\/pages\/23813335","targetHints":{"allow":["GET"]}}],"collection":[{"href":"https:\/\/projet-tele-evolene.ch\/en\/wp-json\/wp\/v2\/pages"}],"about":[{"href":"https:\/\/projet-tele-evolene.ch\/en\/wp-json\/wp\/v2\/types\/page"}],"author":[{"embeddable":true,"href":"https:\/\/projet-tele-evolene.ch\/en\/wp-json\/wp\/v2\/users\/1"}],"replies":[{"embeddable":true,"href":"https:\/\/projet-tele-evolene.ch\/en\/wp-json\/wp\/v2\/comments?post=23813335"}],"version-history":[{"count":2,"href":"https:\/\/projet-tele-evolene.ch\/en\/wp-json\/wp\/v2\/pages\/23813335\/revisions"}],"predecessor-version":[{"id":23813337,"href":"https:\/\/projet-tele-evolene.ch\/en\/wp-json\/wp\/v2\/pages\/23813335\/revisions\/23813337"}],"wp:attachment":[{"href":"https:\/\/projet-tele-evolene.ch\/en\/wp-json\/wp\/v2\/media?parent=23813335"}],"wp:term":[{"taxonomy":"dipi_cpt_category","embeddable":true,"href":"https:\/\/projet-tele-evolene.ch\/en\/wp-json\/wp\/v2\/dipi_cpt_category?post=23813335"}],"curies":[{"name":"wp","href":"https:\/\/api.w.org\/{rel}","templated":true}]}}